{"id":477,"date":"2024-11-12T18:49:59","date_gmt":"2024-11-12T18:49:59","guid":{"rendered":"https:\/\/www.2020lab.com.br\/web\/?page_id=477"},"modified":"2025-01-16T13:37:41","modified_gmt":"2025-01-16T13:37:41","slug":"cadastre-sua-otica","status":"publish","type":"page","link":"https:\/\/www.2020lab.com.br\/web\/cadastre-sua-otica\/","title":{"rendered":"Cadastre Sua \u00d3tica"},"content":{"rendered":"\t\t<div data-elementor-type=\"wp-page\" data-elementor-id=\"477\" class=\"elementor elementor-477\" data-elementor-post-type=\"page\">\n\t\t\t\t<div class=\"elementor-element elementor-element-33ddb6c e-flex e-con-boxed e-con e-parent\" data-id=\"33ddb6c\" data-element_type=\"container\" data-settings=\"{&quot;background_background&quot;:&quot;gradient&quot;}\">\n\t\t\t\t\t<div class=\"e-con-inner\">\n\t\t<div class=\"elementor-element elementor-element-25c4c71 e-con-full e-flex e-con e-child\" data-id=\"25c4c71\" data-element_type=\"container\">\n\t\t\t\t<div class=\"elementor-element elementor-element-5067a67 elementor-widget elementor-widget-heading\" data-id=\"5067a67\" data-element_type=\"widget\" data-widget_type=\"heading.default\">\n\t\t\t\t<div class=\"elementor-widget-container\">\n\t\t\t\t\t<h2 class=\"elementor-heading-title elementor-size-default\">Cadastro Laborat\u00f3rio 2020<\/h2>\t\t\t\t<\/div>\n\t\t\t\t<\/div>\n\t\t\t\t<div class=\"elementor-element elementor-element-0f4bd5e elementor-widget elementor-widget-text-editor\" data-id=\"0f4bd5e\" data-element_type=\"widget\" data-widget_type=\"text-editor.default\">\n\t\t\t\t<div class=\"elementor-widget-container\">\n\t\t\t\t\t\t\t\t\t<header class=\"flex justify-between py-8\">\n<div class=\"hidden md:flex\">\u00a0<\/div>\n<\/header>\n<div class=\"h-full flex flex-col items-center justify-center md:px-8 lg:px-0 lg:h-full \"><form class=\"flex flex-col w-full justify-center items-center max-w-[705px] mx-auto md:max-w-[880px]\">\n<section class=\"w-full flex flex-col gap-2\"><span class=\"text-[#9C9C9C] font-medium text-base\">\u00c9 um prazer te receber aqui! <\/span>Descubra o poder de uma parceria inovadora com o 20\/20 Laborat\u00f3rio \u00d3ptico.<\/section>\n<\/form><\/div>\t\t\t\t\t\t\t\t<\/div>\n\t\t\t\t<\/div>\n\t\t\t\t<\/div>\n\t\t<div class=\"elementor-element elementor-element-9131910 e-con-full e-flex e-con e-child\" data-id=\"9131910\" data-element_type=\"container\">\n\t\t\t\t<div class=\"elementor-element elementor-element-b897001 elementor-widget elementor-widget-video\" data-id=\"b897001\" data-element_type=\"widget\" data-settings=\"{&quot;youtube_url&quot;:&quot;https:\\\/\\\/youtu.be\\\/YGym2gxveUI&quot;,&quot;video_type&quot;:&quot;youtube&quot;,&quot;controls&quot;:&quot;yes&quot;}\" data-widget_type=\"video.default\">\n\t\t\t\t<div class=\"elementor-widget-container\">\n\t\t\t\t\t\t\t<div class=\"elementor-wrapper elementor-open-inline\">\n\t\t\t<div class=\"elementor-video\"><\/div>\t\t<\/div>\n\t\t\t\t\t\t<\/div>\n\t\t\t\t<\/div>\n\t\t\t\t<\/div>\n\t\t\t\t\t<\/div>\n\t\t\t\t<\/div>\n\t\t<div class=\"elementor-element elementor-element-ace6b4d animated-slow e-flex e-con-boxed elementor-invisible e-con e-parent\" data-id=\"ace6b4d\" data-element_type=\"container\" data-settings=\"{&quot;background_background&quot;:&quot;gradient&quot;,&quot;animation&quot;:&quot;slideInUp&quot;,&quot;animation_delay&quot;:3000}\">\n\t\t\t\t\t<div class=\"e-con-inner\">\n\t\t\t\t<div class=\"elementor-element elementor-element-323e308 elementor-widget elementor-widget-heading\" data-id=\"323e308\" data-element_type=\"widget\" data-widget_type=\"heading.default\">\n\t\t\t\t<div class=\"elementor-widget-container\">\n\t\t\t\t\t<h2 class=\"elementor-heading-title elementor-size-default\">Cadastra-se<\/h2>\t\t\t\t<\/div>\n\t\t\t\t<\/div>\n\t\t\t\t<div class=\"elementor-element elementor-element-a73b01a elementor-button-align-end elementor-widget elementor-widget-form\" data-id=\"a73b01a\" data-element_type=\"widget\" data-settings=\"{&quot;step_next_label&quot;:&quot;Pr\\u00f3ximo&quot;,&quot;step_previous_label&quot;:&quot;Anterior&quot;,&quot;step_type&quot;:&quot;number&quot;,&quot;step_icon_shape&quot;:&quot;none&quot;,&quot;button_width&quot;:&quot;100&quot;}\" data-widget_type=\"form.default\">\n\t\t\t\t<div class=\"elementor-widget-container\">\n\t\t\t\t\t\t\t<form class=\"elementor-form\" method=\"post\" name=\"CADASTRO-OTICA\">\n\t\t\t<input type=\"hidden\" name=\"post_id\" value=\"477\"\/>\n\t\t\t<input type=\"hidden\" name=\"form_id\" value=\"a73b01a\"\/>\n\t\t\t<input type=\"hidden\" name=\"referer_title\" value=\"Cadastre Sua \u00d3tica\" \/>\n\n\t\t\t\t\t\t\t<input type=\"hidden\" name=\"queried_id\" value=\"477\"\/>\n\t\t\t\n\t\t\t<div class=\"elementor-form-fields-wrapper elementor-labels-above\">\n\t\t\t\t\t\t\t\t<div class=\"elementor-field-type-step elementor-field-group elementor-column elementor-field-group-field_b18d347 elementor-col-100\">\n\t\t\t\t\t\t\t<div class=\"e-field-step elementor-hidden\" data-label=\"RESPONS\u00c1VEL\" data-previousButton=\"\" data-nextButton=\"Proximo 1\/3\" data-iconUrl=\"\" data-iconLibrary=\"fas fa-star\" data-icon=\"&lt;svg class=&quot;e-font-icon-svg e-fas-star&quot; viewBox=&quot;0 0 576 512&quot; xmlns=&quot;http:\/\/www.w3.org\/2000\/svg&quot;&gt;&lt;path d=&quot;M259.3 17.8L194 150.2 47.9 171.5c-26.2 3.8-36.7 36.1-17.7 54.6l105.7 103-25 145.5c-4.5 26.3 23.2 46 46.4 33.7L288 439.6l130.7 68.7c23.2 12.2 50.9-7.4 46.4-33.7l-25-145.5 105.7-103c19-18.5 8.5-50.8-17.7-54.6L382 150.2 316.7 17.8c-11.7-23.6-45.6-23.9-57.4 0z&quot;&gt;&lt;\/path&gt;&lt;\/svg&gt;\" ><\/div>\n\n\t\t\t\t\t\t<\/div>\n\t\t\t\t\t\t\t\t<div class=\"elementor-field-type-text elementor-field-group elementor-column elementor-field-group-name elementor-col-50 elementor-field-required elementor-mark-required\">\n\t\t\t\t\t\t\t\t\t\t\t\t<label for=\"form-field-name\" class=\"elementor-field-label\">\n\t\t\t\t\t\t\t\tNOME DA \u00d3TICA\t\t\t\t\t\t\t<\/label>\n\t\t\t\t\t\t\t\t\t\t\t\t\t\t<input size=\"1\" type=\"text\" name=\"form_fields[name]\" id=\"form-field-name\" class=\"elementor-field elementor-size-md  elementor-field-textual\" placeholder=\"NOME DA \u00d3TICA\" required=\"required\" aria-required=\"true\">\n\t\t\t\t\t\t\t\t\t\t\t<\/div>\n\t\t\t\t\t\t\t\t<div class=\"elementor-field-type-text elementor-field-group elementor-column elementor-field-group-field_5e7cd49 elementor-col-50 elementor-field-required elementor-mark-required\">\n\t\t\t\t\t\t\t\t\t\t\t\t<label for=\"form-field-field_5e7cd49\" class=\"elementor-field-label\">\n\t\t\t\t\t\t\t\tRESPONS\u00c1VEL PELA \u00d3TICA\t\t\t\t\t\t\t<\/label>\n\t\t\t\t\t\t\t\t\t\t\t\t\t\t<input size=\"1\" type=\"text\" name=\"form_fields[field_5e7cd49]\" id=\"form-field-field_5e7cd49\" class=\"elementor-field elementor-size-md  elementor-field-textual\" placeholder=\"NOME DO RESPONS\u00c1VEL\" required=\"required\" aria-required=\"true\">\n\t\t\t\t\t\t\t\t\t\t\t<\/div>\n\t\t\t\t\t\t\t\t<div class=\"elementor-field-type-tel elementor-field-group elementor-column elementor-field-group-field_8c1f419 elementor-col-50 elementor-md-50 elementor-field-required elementor-mark-required\">\n\t\t\t\t\t\t\t\t\t\t\t\t<label for=\"form-field-field_8c1f419\" class=\"elementor-field-label\">\n\t\t\t\t\t\t\t\tTELEFONE ( WHATSAPP )\t\t\t\t\t\t\t<\/label>\n\t\t\t\t\t\t\t\t<input size=\"1\" type=\"tel\" name=\"form_fields[field_8c1f419]\" id=\"form-field-field_8c1f419\" class=\"elementor-field elementor-size-md  elementor-field-textual\" placeholder=\"SEU MELHOR TELEFONE\" required=\"required\" aria-required=\"true\" pattern=\"[0-9()#&amp;+*-=.]+\" title=\"Apenas n\u00fameros e caracteres de telefone (#, -, *, etc.) s\u00e3o aceitos.\">\n\n\t\t\t\t\t\t<\/div>\n\t\t\t\t\t\t\t\t<div class=\"elementor-field-type-email elementor-field-group elementor-column elementor-field-group-field_321c036 elementor-col-50 elementor-md-50 elementor-field-required elementor-mark-required\">\n\t\t\t\t\t\t\t\t\t\t\t\t<label for=\"form-field-field_321c036\" class=\"elementor-field-label\">\n\t\t\t\t\t\t\t\tE-MAIL\t\t\t\t\t\t\t<\/label>\n\t\t\t\t\t\t\t\t\t\t\t\t\t\t<input size=\"1\" type=\"email\" name=\"form_fields[field_321c036]\" id=\"form-field-field_321c036\" class=\"elementor-field elementor-size-md  elementor-field-textual\" placeholder=\"SEU MELHOR E-MAIL\" required=\"required\" aria-required=\"true\">\n\t\t\t\t\t\t\t\t\t\t\t<\/div>\n\t\t\t\t\t\t\t\t<div class=\"elementor-field-type-step elementor-field-group elementor-column elementor-field-group-field_364fb6f elementor-col-100\">\n\t\t\t\t\t\t\t<div class=\"e-field-step elementor-hidden\" data-label=\"\u00d3TICA\" data-previousButton=\"Anterior\" data-nextButton=\"Pr\u00f3ximo 2\/3\" data-iconUrl=\"\" data-iconLibrary=\"fas fa-star\" data-icon=\"&lt;svg class=&quot;e-font-icon-svg e-fas-star&quot; viewBox=&quot;0 0 576 512&quot; xmlns=&quot;http:\/\/www.w3.org\/2000\/svg&quot;&gt;&lt;path d=&quot;M259.3 17.8L194 150.2 47.9 171.5c-26.2 3.8-36.7 36.1-17.7 54.6l105.7 103-25 145.5c-4.5 26.3 23.2 46 46.4 33.7L288 439.6l130.7 68.7c23.2 12.2 50.9-7.4 46.4-33.7l-25-145.5 105.7-103c19-18.5 8.5-50.8-17.7-54.6L382 150.2 316.7 17.8c-11.7-23.6-45.6-23.9-57.4 0z&quot;&gt;&lt;\/path&gt;&lt;\/svg&gt;\" ><\/div>\n\n\t\t\t\t\t\t<\/div>\n\t\t\t\t\t\t\t\t<div class=\"elementor-field-type-text elementor-field-group elementor-column elementor-field-group-field_1158110 elementor-col-100\">\n\t\t\t\t\t\t\t\t\t\t\t\t<label for=\"form-field-field_1158110\" class=\"elementor-field-label\">\n\t\t\t\t\t\t\t\tRAZ\u00c3O SOCIAL\t\t\t\t\t\t\t<\/label>\n\t\t\t\t\t\t\t\t\t\t\t\t\t\t<input size=\"1\" type=\"text\" name=\"form_fields[field_1158110]\" id=\"form-field-field_1158110\" class=\"elementor-field elementor-size-md  elementor-field-textual\" placeholder=\"NOME NO CONTRATO SOCIAL\">\n\t\t\t\t\t\t\t\t\t\t\t<\/div>\n\t\t\t\t\t\t\t\t<div class=\"elementor-field-type-number elementor-field-group elementor-column elementor-field-group-field_5ce0bbb elementor-col-50\">\n\t\t\t\t\t\t\t\t\t\t\t\t<label for=\"form-field-field_5ce0bbb\" class=\"elementor-field-label\">\n\t\t\t\t\t\t\t\tCNPJ\t\t\t\t\t\t\t<\/label>\n\t\t\t\t\t\t\t\t\t<input type=\"number\" name=\"form_fields[field_5ce0bbb]\" id=\"form-field-field_5ce0bbb\" class=\"elementor-field elementor-size-md  elementor-field-textual\" placeholder=\"CNPJ\" min=\"\" max=\"\" >\n\t\t\t\t\t\t<\/div>\n\t\t\t\t\t\t\t\t<div class=\"elementor-field-type-number elementor-field-group elementor-column elementor-field-group-field_124a174 elementor-col-50\">\n\t\t\t\t\t\t\t\t\t\t\t\t<label for=\"form-field-field_124a174\" class=\"elementor-field-label\">\n\t\t\t\t\t\t\t\tINSCR. ESTADUAL\t\t\t\t\t\t\t<\/label>\n\t\t\t\t\t\t\t\t\t<input type=\"number\" name=\"form_fields[field_124a174]\" id=\"form-field-field_124a174\" class=\"elementor-field elementor-size-md  elementor-field-textual\" placeholder=\"INSCR. ESTADUAL\" min=\"\" max=\"\" >\n\t\t\t\t\t\t<\/div>\n\t\t\t\t\t\t\t\t<div class=\"elementor-field-type-text elementor-field-group elementor-column elementor-field-group-field_e3ce16a elementor-col-100 elementor-field-required elementor-mark-required\">\n\t\t\t\t\t\t\t\t\t\t\t\t<label for=\"form-field-field_e3ce16a\" class=\"elementor-field-label\">\n\t\t\t\t\t\t\t\tENDERE\u00c7O\t\t\t\t\t\t\t<\/label>\n\t\t\t\t\t\t\t\t\t\t\t\t\t\t<input size=\"1\" type=\"text\" name=\"form_fields[field_e3ce16a]\" id=\"form-field-field_e3ce16a\" class=\"elementor-field elementor-size-md  elementor-field-textual\" placeholder=\"ENDERE\u00c7O DA LOJA\" required=\"required\" aria-required=\"true\">\n\t\t\t\t\t\t\t\t\t\t\t<\/div>\n\t\t\t\t\t\t\t\t<div class=\"elementor-field-type-number elementor-field-group elementor-column elementor-field-group-field_8759805 elementor-col-50 elementor-field-required elementor-mark-required\">\n\t\t\t\t\t\t\t\t\t\t\t\t<label for=\"form-field-field_8759805\" class=\"elementor-field-label\">\n\t\t\t\t\t\t\t\tCEP\t\t\t\t\t\t\t<\/label>\n\t\t\t\t\t\t\t\t\t<input type=\"number\" name=\"form_fields[field_8759805]\" id=\"form-field-field_8759805\" class=\"elementor-field elementor-size-md  elementor-field-textual\" placeholder=\"CEP\" required=\"required\" aria-required=\"true\" min=\"\" max=\"\" >\n\t\t\t\t\t\t<\/div>\n\t\t\t\t\t\t\t\t<div class=\"elementor-field-type-upload elementor-field-group elementor-column elementor-field-group-field_04ad087 elementor-col-50\">\n\t\t\t\t\t\t\t\t\t\t\t\t<label for=\"form-field-field_04ad087\" class=\"elementor-field-label\">\n\t\t\t\t\t\t\t\tCOMP. DE ENDERE\u00c7O E CONTRATO SOCIAL\t\t\t\t\t\t\t<\/label>\n\t\t\t\t\t\t\t\t<input type=\"file\" name=\"form_fields[field_04ad087][]\" id=\"form-field-field_04ad087\" class=\"elementor-field elementor-size-md  elementor-upload-field\" multiple=\"multiple\">\n\n\t\t\t\t\t\t<\/div>\n\t\t\t\t\t\t\t\t<div class=\"elementor-field-type-step elementor-field-group elementor-column elementor-field-group-field_2c62dc3 elementor-col-100\">\n\t\t\t\t\t\t\t<div class=\"e-field-step elementor-hidden\" data-label=\"COMERCIAL\" data-previousButton=\"Anterior\" data-nextButton=\"Pr\u00f3ximo 3\/3\" data-iconUrl=\"\" data-iconLibrary=\"fas fa-star\" data-icon=\"&lt;svg class=&quot;e-font-icon-svg e-fas-star&quot; viewBox=&quot;0 0 576 512&quot; xmlns=&quot;http:\/\/www.w3.org\/2000\/svg&quot;&gt;&lt;path d=&quot;M259.3 17.8L194 150.2 47.9 171.5c-26.2 3.8-36.7 36.1-17.7 54.6l105.7 103-25 145.5c-4.5 26.3 23.2 46 46.4 33.7L288 439.6l130.7 68.7c23.2 12.2 50.9-7.4 46.4-33.7l-25-145.5 105.7-103c19-18.5 8.5-50.8-17.7-54.6L382 150.2 316.7 17.8c-11.7-23.6-45.6-23.9-57.4 0z&quot;&gt;&lt;\/path&gt;&lt;\/svg&gt;\" ><\/div>\n\n\t\t\t\t\t\t<\/div>\n\t\t\t\t\t\t\t\t<div class=\"elementor-field-type-html elementor-field-group elementor-column elementor-field-group-field_18e4972 elementor-col-100\">\n\t\t\t\t\t<!DOCTYPE html>\n<html lang=\"pt-BR\">\n<head>\n  <meta charset=\"UTF-8\">\n  <meta name=\"viewport\" content=\"width=device-width, initial-scale=1.0\">\n  <title>Informativo<\/title>\n\n  <!-- Link para a fonte Montserrat -->\n  <link href=\"https:\/\/fonts.googleapis.com\/css2?family=Montserrat:wght@400;700&display=swap\" rel=\"stylesheet\">\n\n  <!-- Link para o arquivo de estilos -->\n  <link rel=\"stylesheet\" href=\"styles.css\">\n\n  <style>\n    body {\n      font-family: 'Montserrat', sans-serif; \/* Aplica a fonte Montserrat *\/\n      line-height: 1.5; \/* Define o espa\u00e7amento de linha *\/\n    }\n  <\/style>\n<\/head>\n<body>\n  <div class=\"alert-blinking\">\n    <p>\n      <strong><span style=\"color: #EA1F1F;\">ATEN\u00c7\u00c3O:<\/span><\/strong> <span style=\"color: #FFFFFF;\">Se nossa equipe comercial ainda n\u00e3o entrou em contato com sua \u00f3tica, clique no bot\u00e3o <\/span>\n      <strong><span style=\"color: #009ED8;\">\"ENVIAR\"<\/span><\/strong> <span style=\"color: #FFFFFF;\">abaixo e desconsidere esta etapa. Estamos \u00e0 disposi\u00e7\u00e3o para ajud\u00e1-lo!<\/span>\n    <\/p>\n  <\/div>\n<\/body>\n<\/html>\t\t\t\t<\/div>\n\t\t\t\t\t\t\t\t<div class=\"elementor-field-type-select elementor-field-group elementor-column elementor-field-group-field_ca0264b elementor-col-33\">\n\t\t\t\t\t\t\t\t\t\t\t\t<label for=\"form-field-field_ca0264b\" class=\"elementor-field-label\">\n\t\t\t\t\t\t\t\tCOMERCIAL RESPONS\u00c1VEL\t\t\t\t\t\t\t<\/label>\n\t\t\t\t\t\t\t\t<div class=\"elementor-field elementor-select-wrapper remove-before \">\n\t\t\t<div class=\"select-caret-down-wrapper\">\n\t\t\t\t<svg aria-hidden=\"true\" class=\"e-font-icon-svg e-eicon-caret-down\" viewBox=\"0 0 571.4 571.4\" xmlns=\"http:\/\/www.w3.org\/2000\/svg\"><path d=\"M571 393Q571 407 561 418L311 668Q300 679 286 679T261 668L11 418Q0 407 0 393T11 368 36 357H536Q550 357 561 368T571 393Z\"><\/path><\/svg>\t\t\t<\/div>\n\t\t\t<select name=\"form_fields[field_ca0264b]\" id=\"form-field-field_ca0264b\" class=\"elementor-field-textual elementor-size-md\">\n\t\t\t\t\t\t\t\t\t<option value=\"COMERCIAL 1\">COMERCIAL 1<\/option>\n\t\t\t\t\t\t\t\t\t<option value=\"COMERCIAL 2\">COMERCIAL 2<\/option>\n\t\t\t\t\t\t\t\t\t<option value=\"COMERCIAL 3\">COMERCIAL 3<\/option>\n\t\t\t\t\t\t\t\t\t<option value=\"COMERCIAL 4\">COMERCIAL 4<\/option>\n\t\t\t\t\t\t\t\t\t<option value=\"COMERCIAL 5\">COMERCIAL 5<\/option>\n\t\t\t\t\t\t\t<\/select>\n\t\t<\/div>\n\t\t\t\t\t\t<\/div>\n\t\t\t\t\t\t\t\t<div class=\"elementor-field-type-select elementor-field-group elementor-column elementor-field-group-field_607d67c elementor-col-33\">\n\t\t\t\t\t\t\t\t\t\t\t\t<label for=\"form-field-field_607d67c\" class=\"elementor-field-label\">\n\t\t\t\t\t\t\t\tACORDO COMERCIAL\t\t\t\t\t\t\t<\/label>\n\t\t\t\t\t\t\t\t<div class=\"elementor-field elementor-select-wrapper remove-before \">\n\t\t\t<div class=\"select-caret-down-wrapper\">\n\t\t\t\t<svg aria-hidden=\"true\" class=\"e-font-icon-svg e-eicon-caret-down\" viewBox=\"0 0 571.4 571.4\" xmlns=\"http:\/\/www.w3.org\/2000\/svg\"><path d=\"M571 393Q571 407 561 418L311 668Q300 679 286 679T261 668L11 418Q0 407 0 393T11 368 36 357H536Q550 357 561 368T571 393Z\"><\/path><\/svg>\t\t\t<\/div>\n\t\t\t<select name=\"form_fields[field_607d67c]\" id=\"form-field-field_607d67c\" class=\"elementor-field-textual elementor-size-md\">\n\t\t\t\t\t\t\t\t\t<option value=\"FECHAMENTO SEMANAL\">FECHAMENTO SEMANAL<\/option>\n\t\t\t\t\t\t\t\t\t<option value=\"FECHAMENTO QUINZENAL\">FECHAMENTO QUINZENAL<\/option>\n\t\t\t\t\t\t\t\t\t<option value=\"PERSONALIZADO\">PERSONALIZADO<\/option>\n\t\t\t\t\t\t\t<\/select>\n\t\t<\/div>\n\t\t\t\t\t\t<\/div>\n\t\t\t\t\t\t\t\t<div class=\"elementor-field-type-select elementor-field-group elementor-column elementor-field-group-field_753c467 elementor-col-33\">\n\t\t\t\t\t\t\t\t\t\t\t\t<label for=\"form-field-field_753c467\" class=\"elementor-field-label\">\n\t\t\t\t\t\t\t\tFECHAMENTO \t\t\t\t\t\t\t<\/label>\n\t\t\t\t\t\t\t\t<div class=\"elementor-field elementor-select-wrapper remove-before \">\n\t\t\t<div class=\"select-caret-down-wrapper\">\n\t\t\t\t<svg aria-hidden=\"true\" class=\"e-font-icon-svg e-eicon-caret-down\" viewBox=\"0 0 571.4 571.4\" xmlns=\"http:\/\/www.w3.org\/2000\/svg\"><path d=\"M571 393Q571 407 561 418L311 668Q300 679 286 679T261 668L11 418Q0 407 0 393T11 368 36 357H536Q550 357 561 368T571 393Z\"><\/path><\/svg>\t\t\t<\/div>\n\t\t\t<select name=\"form_fields[field_753c467]\" id=\"form-field-field_753c467\" class=\"elementor-field-textual elementor-size-md\">\n\t\t\t\t\t\t\t\t\t<option value=\"07 DIAS\">07 DIAS<\/option>\n\t\t\t\t\t\t\t\t\t<option value=\"14 DIAS\">14 DIAS<\/option>\n\t\t\t\t\t\t\t\t\t<option value=\"21 DIAS\">21 DIAS<\/option>\n\t\t\t\t\t\t\t\t\t<option value=\"15\/30 DIAS\">15\/30 DIAS<\/option>\n\t\t\t\t\t\t\t\t\t<option value=\"15\/30\/45 DIAS\">15\/30\/45 DIAS<\/option>\n\t\t\t\t\t\t\t\t\t<option value=\"15\/30\/45\/60 DIAS\">15\/30\/45\/60 DIAS<\/option>\n\t\t\t\t\t\t\t\t\t<option value=\"30\/45\/60 DIAS\">30\/45\/60 DIAS<\/option>\n\t\t\t\t\t\t\t<\/select>\n\t\t<\/div>\n\t\t\t\t\t\t<\/div>\n\t\t\t\t\t\t\t\t<div class=\"elementor-field-type-checkbox elementor-field-group elementor-column elementor-field-group-field_a7c176b elementor-col-50\">\n\t\t\t\t\t\t\t\t\t\t\t\t<label for=\"form-field-field_a7c176b\" class=\"elementor-field-label\">\n\t\t\t\t\t\t\t\tFORMA DE TRANSPORTE\t\t\t\t\t\t\t<\/label>\n\t\t\t\t\t\t<div class=\"elementor-field-subgroup  \"><span class=\"elementor-field-option\"><input type=\"checkbox\" value=\"MALOTE\" id=\"form-field-field_a7c176b-0\" name=\"form_fields[field_a7c176b][]\"> <label for=\"form-field-field_a7c176b-0\">MALOTE<\/label><\/span><span class=\"elementor-field-option\"><input type=\"checkbox\" value=\"SEDEX\" id=\"form-field-field_a7c176b-1\" name=\"form_fields[field_a7c176b][]\"> <label for=\"form-field-field_a7c176b-1\">SEDEX<\/label><\/span><span class=\"elementor-field-option\"><input type=\"checkbox\" value=\"BALC\u00c3O\" id=\"form-field-field_a7c176b-2\" name=\"form_fields[field_a7c176b][]\"> <label for=\"form-field-field_a7c176b-2\">BALC\u00c3O<\/label><\/span><span class=\"elementor-field-option\"><input type=\"checkbox\" value=\"BOY\" id=\"form-field-field_a7c176b-3\" name=\"form_fields[field_a7c176b][]\"> <label for=\"form-field-field_a7c176b-3\">BOY<\/label><\/span><\/div>\t\t\t\t<\/div>\n\t\t\t\t\t\t\t\t<div class=\"elementor-field-type-checkbox elementor-field-group elementor-column elementor-field-group-field_dc66bf5 elementor-col-50\">\n\t\t\t\t\t\t\t\t\t\t\t\t<label for=\"form-field-field_dc66bf5\" class=\"elementor-field-label\">\n\t\t\t\t\t\t\t\tRESPONSAVEL PELO TRANSPORTE\t\t\t\t\t\t\t<\/label>\n\t\t\t\t\t\t<div class=\"elementor-field-subgroup  \"><span class=\"elementor-field-option\"><input type=\"checkbox\" value=\"LABORAT\u00d3RIO\" id=\"form-field-field_dc66bf5-0\" name=\"form_fields[field_dc66bf5][]\"> <label for=\"form-field-field_dc66bf5-0\">LABORAT\u00d3RIO<\/label><\/span><span class=\"elementor-field-option\"><input type=\"checkbox\" value=\"OTICA\" id=\"form-field-field_dc66bf5-1\" name=\"form_fields[field_dc66bf5][]\"> <label for=\"form-field-field_dc66bf5-1\">OTICA<\/label><\/span><span class=\"elementor-field-option\"><input type=\"checkbox\" value=\"ACORDO COMERCIAL\" id=\"form-field-field_dc66bf5-2\" name=\"form_fields[field_dc66bf5][]\"> <label for=\"form-field-field_dc66bf5-2\">ACORDO COMERCIAL<\/label><\/span><\/div>\t\t\t\t<\/div>\n\t\t\t\t\t\t\t\t<div class=\"elementor-field-type-textarea elementor-field-group elementor-column elementor-field-group-field_ccc0fe7 elementor-col-100\">\n\t\t\t\t\t\t\t\t\t\t\t\t<label for=\"form-field-field_ccc0fe7\" class=\"elementor-field-label\">\n\t\t\t\t\t\t\t\tACORDO COMERCIAL\t\t\t\t\t\t\t<\/label>\n\t\t\t\t\t\t<textarea class=\"elementor-field-textual elementor-field  elementor-size-md\" name=\"form_fields[field_ccc0fe7]\" id=\"form-field-field_ccc0fe7\" rows=\"4\" placeholder=\"DESCREVA O ACORDO COMERCIAL\"><\/textarea>\t\t\t\t<\/div>\n\t\t\t\t\t\t\t\t<div class=\"elementor-field-group elementor-column elementor-field-type-submit elementor-col-100 e-form__buttons\">\n\t\t\t\t\t<button class=\"elementor-button elementor-size-md\" type=\"submit\">\n\t\t\t\t\t\t<span class=\"elementor-button-content-wrapper\">\n\t\t\t\t\t\t\t\t\t\t\t\t\t\t\t\t\t\t\t\t\t\t<span class=\"elementor-button-text\">Enviar<\/span>\n\t\t\t\t\t\t\t\t\t\t\t\t\t<\/span>\n\t\t\t\t\t<\/button>\n\t\t\t\t<\/div>\n\t\t\t<\/div>\n\t\t<\/form>\n\t\t\t\t\t\t<\/div>\n\t\t\t\t<\/div>\n\t\t\t\t\t<\/div>\n\t\t\t\t<\/div>\n\t\t\t\t<\/div>\n\t\t","protected":false},"excerpt":{"rendered":"<p>Cadastro Laborat\u00f3rio 2020 \u00a0 \u00c9 um prazer te receber aqui! Descubra o poder de uma parceria inovadora com o 20\/20 Laborat\u00f3rio \u00d3ptico. https:\/\/youtu.be\/YGym2gxveUI Cadastra-se<\/p>\n","protected":false},"author":1,"featured_media":0,"parent":0,"menu_order":0,"comment_status":"closed","ping_status":"closed","template":"elementor_header_footer","meta":{"footnotes":""},"cidade":[],"class_list":["post-477","page","type-page","status-publish","hentry"],"_links":{"self":[{"href":"https:\/\/www.2020lab.com.br\/web\/wp-json\/wp\/v2\/pages\/477","targetHints":{"allow":["GET"]}}],"collection":[{"href":"https:\/\/www.2020lab.com.br\/web\/wp-json\/wp\/v2\/pages"}],"about":[{"href":"https:\/\/www.2020lab.com.br\/web\/wp-json\/wp\/v2\/types\/page"}],"author":[{"embeddable":true,"href":"https:\/\/www.2020lab.com.br\/web\/wp-json\/wp\/v2\/users\/1"}],"replies":[{"embeddable":true,"href":"https:\/\/www.2020lab.com.br\/web\/wp-json\/wp\/v2\/comments?post=477"}],"version-history":[{"count":0,"href":"https:\/\/www.2020lab.com.br\/web\/wp-json\/wp\/v2\/pages\/477\/revisions"}],"wp:attachment":[{"href":"https:\/\/www.2020lab.com.br\/web\/wp-json\/wp\/v2\/media?parent=477"}],"wp:term":[{"taxonomy":"cidade","embeddable":true,"href":"https:\/\/www.2020lab.com.br\/web\/wp-json\/wp\/v2\/cidade?post=477"}],"curies":[{"name":"wp","href":"https:\/\/api.w.org\/{rel}","templated":true}]}}