{"id":495,"date":"2024-11-18T14:09:35","date_gmt":"2024-11-18T14:09:35","guid":{"rendered":"https:\/\/www.2020lab.com.br\/web\/?page_id=495"},"modified":"2025-01-16T18:13:01","modified_gmt":"2025-01-16T18:13:01","slug":"oticas","status":"publish","type":"page","link":"https:\/\/www.2020lab.com.br\/web\/oticas\/","title":{"rendered":"Sou Lojista"},"content":{"rendered":"\t\t<div data-elementor-type=\"wp-page\" data-elementor-id=\"495\" class=\"elementor elementor-495\" data-elementor-post-type=\"page\">\n\t\t\t\t<div class=\"elementor-element elementor-element-c6718d1 e-flex e-con-boxed e-con e-parent\" data-id=\"c6718d1\" data-element_type=\"container\" data-settings=\"{&quot;background_background&quot;:&quot;gradient&quot;,&quot;animation&quot;:&quot;none&quot;}\">\n\t\t\t\t\t<div class=\"e-con-inner\">\n\t\t<div class=\"elementor-element elementor-element-065ed4c e-con-full e-flex e-con e-child\" data-id=\"065ed4c\" data-element_type=\"container\">\n\t\t\t\t<div class=\"elementor-element elementor-element-98daae1 elementor-widget elementor-widget-heading\" data-id=\"98daae1\" data-element_type=\"widget\" data-widget_type=\"heading.default\">\n\t\t\t\t<div class=\"elementor-widget-container\">\n\t\t\t\t\t<h2 class=\"elementor-heading-title elementor-size-default\">DONO DE \u00d3TICA<\/h2>\t\t\t\t<\/div>\n\t\t\t\t<\/div>\n\t\t<div class=\"elementor-element elementor-element-69176b8 e-grid e-con-full e-con e-child\" data-id=\"69176b8\" data-element_type=\"container\">\n\t\t\t\t<div class=\"elementor-element elementor-element-548d292 elementor-widget elementor-widget-counter\" data-id=\"548d292\" data-element_type=\"widget\" data-widget_type=\"counter.default\">\n\t\t\t\t<div class=\"elementor-widget-container\">\n\t\t\t\t\t\t\t<div class=\"elementor-counter\">\n\t\t\t<div class=\"elementor-counter-title\">Clientes Ativos<\/div>\t\t\t<div class=\"elementor-counter-number-wrapper\">\n\t\t\t\t<span class=\"elementor-counter-number-prefix\"><\/span>\n\t\t\t\t<span class=\"elementor-counter-number\" data-duration=\"3000\" data-to-value=\"1700\" data-from-value=\"0\" data-delimiter=\" \">0<\/span>\n\t\t\t\t<span class=\"elementor-counter-number-suffix\"><\/span>\n\t\t\t<\/div>\n\t\t<\/div>\n\t\t\t\t\t\t<\/div>\n\t\t\t\t<\/div>\n\t\t\t\t<div class=\"elementor-element elementor-element-ef5d44d elementor-widget elementor-widget-counter\" data-id=\"ef5d44d\" data-element_type=\"widget\" data-widget_type=\"counter.default\">\n\t\t\t\t<div class=\"elementor-widget-container\">\n\t\t\t\t\t\t\t<div class=\"elementor-counter\">\n\t\t\t<div class=\"elementor-counter-title\">Produ\u00e7\u00e3o Diaria<\/div>\t\t\t<div class=\"elementor-counter-number-wrapper\">\n\t\t\t\t<span class=\"elementor-counter-number-prefix\"><\/span>\n\t\t\t\t<span class=\"elementor-counter-number\" data-duration=\"4500\" data-to-value=\"2000\" data-from-value=\"0\" data-delimiter=\" \">0<\/span>\n\t\t\t\t<span class=\"elementor-counter-number-suffix\"><\/span>\n\t\t\t<\/div>\n\t\t<\/div>\n\t\t\t\t\t\t<\/div>\n\t\t\t\t<\/div>\n\t\t\t\t<div class=\"elementor-element elementor-element-f875484 elementor-widget elementor-widget-counter\" data-id=\"f875484\" data-element_type=\"widget\" data-widget_type=\"counter.default\">\n\t\t\t\t<div class=\"elementor-widget-container\">\n\t\t\t\t\t\t\t<div class=\"elementor-counter\">\n\t\t\t<div class=\"elementor-counter-title\">Nivel Satisfa\u00e7\u00e3o<\/div>\t\t\t<div class=\"elementor-counter-number-wrapper\">\n\t\t\t\t<span class=\"elementor-counter-number-prefix\"><\/span>\n\t\t\t\t<span class=\"elementor-counter-number\" data-duration=\"6000\" data-to-value=\"82.25\" data-from-value=\"0\" data-delimiter=\"_\">0<\/span>\n\t\t\t\t<span class=\"elementor-counter-number-suffix\">%<\/span>\n\t\t\t<\/div>\n\t\t<\/div>\n\t\t\t\t\t\t<\/div>\n\t\t\t\t<\/div>\n\t\t\t\t<\/div>\n\t\t<div class=\"elementor-element elementor-element-be2494f e-con-full e-flex e-con e-child\" data-id=\"be2494f\" data-element_type=\"container\">\n\t\t\t\t<div class=\"elementor-element elementor-element-a2f0b9f elementor-widget elementor-widget-text-editor\" data-id=\"a2f0b9f\" data-element_type=\"widget\" data-widget_type=\"text-editor.default\">\n\t\t\t\t<div class=\"elementor-widget-container\">\n\t\t\t\t\t\t\t\t\t<p>Esses s\u00e3o apenas alguns dos nossos n\u00fameros, mas o 20\/20 Laborat\u00f3rio \u00d3ptico pode fazer mais pela sua \u00f3tica. Com tecnologia de ponta, inova\u00e7\u00e3o e compromisso, temos muito mais a oferecer! Assista ao v\u00eddeo ou leia a mat\u00e9ria para descobrir como podemos transformar sua \u00f3tica.<\/p>\t\t\t\t\t\t\t\t<\/div>\n\t\t\t\t<\/div>\n\t\t\t\t<\/div>\n\t\t\t\t<\/div>\n\t\t<div class=\"elementor-element elementor-element-ef73105 e-con-full e-flex e-con e-child\" data-id=\"ef73105\" data-element_type=\"container\">\n\t\t\t\t<div class=\"elementor-element elementor-element-3a5cbd3 elementor-widget elementor-widget-video\" data-id=\"3a5cbd3\" data-element_type=\"widget\" data-settings=\"{&quot;youtube_url&quot;:&quot;https:\\\/\\\/youtu.be\\\/fUKvjAfjcZs&quot;,&quot;video_type&quot;:&quot;youtube&quot;,&quot;controls&quot;:&quot;yes&quot;}\" data-widget_type=\"video.default\">\n\t\t\t\t<div class=\"elementor-widget-container\">\n\t\t\t\t\t\t\t<div class=\"elementor-wrapper elementor-open-inline\">\n\t\t\t<div class=\"elementor-video\"><\/div>\t\t<\/div>\n\t\t\t\t\t\t<\/div>\n\t\t\t\t<\/div>\n\t\t\t\t<div class=\"elementor-element elementor-element-041d2cd elementor-align-center elementor-widget elementor-widget-button\" data-id=\"041d2cd\" data-element_type=\"widget\" data-widget_type=\"button.default\">\n\t\t\t\t<div class=\"elementor-widget-container\">\n\t\t\t\t\t\t\t\t\t<div class=\"elementor-button-wrapper\">\n\t\t\t\t\t<a class=\"elementor-button elementor-button-link elementor-size-sm\" href=\"https:\/\/www.2020lab.com.br\/web\/cadastre-sua-otica\/\">\n\t\t\t\t\t\t<span class=\"elementor-button-content-wrapper\">\n\t\t\t\t\t\t\t\t\t<span class=\"elementor-button-text\">FA\u00c7A SEU CADASTRO<\/span>\n\t\t\t\t\t<\/span>\n\t\t\t\t\t<\/a>\n\t\t\t\t<\/div>\n\t\t\t\t\t\t\t\t<\/div>\n\t\t\t\t<\/div>\n\t\t\t\t<\/div>\n\t\t\t\t\t<\/div>\n\t\t\t\t<\/div>\n\t\t<div class=\"elementor-element elementor-element-305ebfd animated-slow e-flex e-con-boxed elementor-invisible e-con e-parent\" data-id=\"305ebfd\" data-element_type=\"container\" data-settings=\"{&quot;background_background&quot;:&quot;gradient&quot;,&quot;animation&quot;:&quot;slideInUp&quot;,&quot;animation_delay&quot;:1000}\">\n\t\t\t\t\t<div class=\"e-con-inner\">\n\t\t\t\t<div class=\"elementor-element elementor-element-c83ea61 elementor-widget elementor-widget-heading\" data-id=\"c83ea61\" data-element_type=\"widget\" data-widget_type=\"heading.default\">\n\t\t\t\t<div class=\"elementor-widget-container\">\n\t\t\t\t\t<h2 class=\"elementor-heading-title elementor-size-default\">POR QUE ESCOLHER O \n20\/20 LABORAT\u00d3RIO \u00d3PTICO?<\/h2>\t\t\t\t<\/div>\n\t\t\t\t<\/div>\n\t\t\t\t<div class=\"elementor-element elementor-element-f816c75 elementor-widget elementor-widget-text-editor\" data-id=\"f816c75\" data-element_type=\"widget\" data-widget_type=\"text-editor.default\">\n\t\t\t\t<div class=\"elementor-widget-container\">\n\t\t\t\t\t\t\t\t\t<p>Ao se cadastrar no nosso laborat\u00f3rio, sua \u00f3tica ganha acesso a uma parceria que entrega mais do que produtos: oferecemos solu\u00e7\u00f5es completas para otimizar sua opera\u00e7\u00e3o e encantar seus clientes. Confira os principais benef\u00edcios:<\/p>\t\t\t\t\t\t\t\t<\/div>\n\t\t\t\t<\/div>\n\t\t\t\t<div class=\"elementor-element elementor-element-7762629 elementor-hidden-desktop elementor-hidden-tablet elementor--h-position-center elementor--v-position-middle elementor-arrows-position-inside elementor-pagination-position-inside elementor-widget elementor-widget-slides\" data-id=\"7762629\" data-element_type=\"widget\" data-settings=\"{&quot;navigation&quot;:&quot;both&quot;,&quot;autoplay&quot;:&quot;yes&quot;,&quot;pause_on_hover&quot;:&quot;yes&quot;,&quot;pause_on_interaction&quot;:&quot;yes&quot;,&quot;autoplay_speed&quot;:5000,&quot;infinite&quot;:&quot;yes&quot;,&quot;transition&quot;:&quot;slide&quot;,&quot;transition_speed&quot;:500}\" data-widget_type=\"slides.default\">\n\t\t\t\t<div class=\"elementor-widget-container\">\n\t\t\t\t\t\t\t\t\t<div class=\"elementor-swiper\">\n\t\t\t\t\t<div class=\"elementor-slides-wrapper elementor-main-swiper swiper\" role=\"region\" aria-roledescription=\"carousel\" aria-label=\"Slides\" dir=\"ltr\" data-animation=\"fadeInUp\">\n\t\t\t\t<div class=\"swiper-wrapper elementor-slides\">\n\t\t\t\t\t\t\t\t\t\t<div class=\"elementor-repeater-item-e27f6ac swiper-slide\" role=\"group\" aria-roledescription=\"slide\"><div class=\"swiper-slide-bg\" role=\"img\"><\/div><div class=\"swiper-slide-inner\" ><div class=\"swiper-slide-contents\"><div class=\"elementor-slide-heading\">Tecnologia de Ponta<\/div><div class=\"elementor-slide-description\">Trabalhamos com equipamentos de \u00faltima gera\u00e7\u00e3o e t\u00e9cnicas avan\u00e7adas para garantir lentes precisas e de alt\u00edssima qualidade. Nosso compromisso com a inova\u00e7\u00e3o mant\u00e9m sua \u00f3tica \u00e0 frente no mercado.<\/div><div  class=\"elementor-button elementor-slide-button elementor-size-sm\">Quero Cadastrar<\/div><\/div><\/div><\/div><div class=\"elementor-repeater-item-6056b5e swiper-slide\" role=\"group\" aria-roledescription=\"slide\"><div class=\"swiper-slide-bg\" role=\"img\"><\/div><div class=\"swiper-slide-inner\" ><div class=\"swiper-slide-contents\"><div class=\"elementor-slide-heading\">Agilidade na Entrega<\/div><div class=\"elementor-slide-description\">Entendemos que tempo \u00e9 essencial para o sucesso da sua \u00f3tica. Por isso, oferecemos prazos de entrega r\u00e1pidos e confi\u00e1veis. Consulte nossos prazos e veja como podemos atender \u00e0s suas demandas com efici\u00eancia.<\/div><div  class=\"elementor-button elementor-slide-button elementor-size-sm\">Quero Cadastrar<\/div><\/div><\/div><\/div><div class=\"elementor-repeater-item-052b930 swiper-slide\" role=\"group\" aria-roledescription=\"slide\"><div class=\"swiper-slide-bg\" role=\"img\"><\/div><div class=\"swiper-slide-inner\" ><div class=\"swiper-slide-contents\"><div class=\"elementor-slide-heading\">Material de Qualidade<\/div><div class=\"elementor-slide-description\">Nossas lentes s\u00e3o fabricadas com os melhores materiais dispon\u00edveis, proporcionando durabilidade, conforto visual e satisfa\u00e7\u00e3o para os seus clientes.<\/div><div  class=\"elementor-button elementor-slide-button elementor-size-sm\">Quero Cadastrar<\/div><\/div><\/div><\/div><div class=\"elementor-repeater-item-7e9d08a swiper-slide\" role=\"group\" aria-roledescription=\"slide\"><div class=\"swiper-slide-bg\" role=\"img\"><\/div><div class=\"swiper-slide-inner\" ><div class=\"swiper-slide-contents\"><div class=\"elementor-slide-heading\">Atendimento Personalizado<\/div><div class=\"elementor-slide-description\">Cada \u00f3tica \u00e9 \u00fanica, e por isso oferecemos um atendimento feito sob medida. Nossa equipe est\u00e1 sempre pronta para entender as suas necessidades e entregar solu\u00e7\u00f5es que fazem a diferen\u00e7a.<\/div><div  class=\"elementor-button elementor-slide-button elementor-size-sm\">Quero Cadastrar<\/div><\/div><\/div><\/div><div class=\"elementor-repeater-item-49bc3de swiper-slide\" role=\"group\" aria-roledescription=\"slide\"><div class=\"swiper-slide-bg\" role=\"img\"><\/div><div class=\"swiper-slide-inner\" ><div class=\"swiper-slide-contents\"><div class=\"elementor-slide-heading\">A\u00e7\u00f5es de Marketing para Sua \u00d3tica<\/div><div class=\"elementor-slide-description\">Apoie suas vendas com as campanhas de marketing exclusivas que criamos para nossos parceiros. Nossa estrat\u00e9gia inclui direcionar clientes para sua \u00f3tica, ajudando a fortalecer sua presen\u00e7a no mercado.<\/div><div  class=\"elementor-button elementor-slide-button elementor-size-sm\">Quero Cadastrar<\/div><\/div><\/div><\/div>\t\t\t\t<\/div>\n\t\t\t\t\t\t\t\t\t\t\t\t\t\t\t<div class=\"swiper-pagination\"><\/div>\n\t\t\t\t\t\t\t\t\t\t\t\t\t\t\t\t<div class=\"elementor-swiper-button elementor-swiper-button-prev\" role=\"button\" tabindex=\"0\" aria-label=\"Slide anterior\">\n\t\t\t\t\t\t\t<svg aria-hidden=\"true\" class=\"e-font-icon-svg e-eicon-chevron-left\" viewBox=\"0 0 1000 1000\" xmlns=\"http:\/\/www.w3.org\/2000\/svg\"><path d=\"M646 125C629 125 613 133 604 142L308 442C296 454 292 471 292 487 292 504 296 521 308 533L604 854C617 867 629 875 646 875 663 875 679 871 692 858 704 846 713 829 713 812 713 796 708 779 692 767L438 487 692 225C700 217 708 204 708 187 708 171 704 154 692 142 675 129 663 125 646 125Z\"><\/path><\/svg>\t\t\t\t\t\t<\/div>\n\t\t\t\t\t\t<div class=\"elementor-swiper-button elementor-swiper-button-next\" role=\"button\" tabindex=\"0\" aria-label=\"Pr\u00f3ximo slide\">\n\t\t\t\t\t\t\t<svg aria-hidden=\"true\" class=\"e-font-icon-svg e-eicon-chevron-right\" viewBox=\"0 0 1000 1000\" xmlns=\"http:\/\/www.w3.org\/2000\/svg\"><path d=\"M696 533C708 521 713 504 713 487 713 471 708 454 696 446L400 146C388 133 375 125 354 125 338 125 325 129 313 142 300 154 292 171 292 187 292 204 296 221 308 233L563 492 304 771C292 783 288 800 288 817 288 833 296 850 308 863 321 871 338 875 354 875 371 875 388 867 400 854L696 533Z\"><\/path><\/svg>\t\t\t\t\t\t<\/div>\n\t\t\t\t\t\t\t\t\t\t\t\t<\/div>\n\t\t\t\t<\/div>\n\t\t\t\t\t\t\t\t<\/div>\n\t\t\t\t<\/div>\n\t\t<div class=\"elementor-element elementor-element-562dd0c e-grid e-con-full elementor-hidden-mobile e-con e-child\" data-id=\"562dd0c\" data-element_type=\"container\">\n\t\t\t\t<div class=\"elementor-element elementor-element-b94b319 animated-slow elementor-invisible elementor-widget elementor-widget-text-editor\" data-id=\"b94b319\" data-element_type=\"widget\" data-settings=\"{&quot;_animation&quot;:&quot;slideInLeft&quot;,&quot;_animation_delay&quot;:1000}\" data-widget_type=\"text-editor.default\">\n\t\t\t\t<div class=\"elementor-widget-container\">\n\t\t\t\t\t\t\t\t\t<p><strong>Tecnologia de Ponta<\/strong><\/p><p>Trabalhamos com equipamentos de \u00faltima gera\u00e7\u00e3o e t\u00e9cnicas avan\u00e7adas para garantir lentes precisas e de alt\u00edssima qualidade. Nosso compromisso com a inova\u00e7\u00e3o mant\u00e9m sua \u00f3tica \u00e0 frente no mercado.<\/p>\t\t\t\t\t\t\t\t<\/div>\n\t\t\t\t<\/div>\n\t\t\t\t<div class=\"elementor-element elementor-element-48f3876 elementor-hidden-mobile animated-slow elementor-invisible elementor-widget elementor-widget-image\" data-id=\"48f3876\" data-element_type=\"widget\" data-settings=\"{&quot;_animation_delay&quot;:1000,&quot;_animation&quot;:&quot;slideInRight&quot;}\" data-widget_type=\"image.default\">\n\t\t\t\t<div class=\"elementor-widget-container\">\n\t\t\t\t\t\t\t\t\t\t\t\t\t\t\t<img fetchpriority=\"high\" decoding=\"async\" width=\"600\" height=\"400\" src=\"https:\/\/www.2020lab.com.br\/web\/wp-content\/uploads\/2024\/12\/Oticas-fundo-correto.png\" class=\"attachment-full size-full wp-image-1097\" alt=\"\" srcset=\"https:\/\/www.2020lab.com.br\/web\/wp-content\/uploads\/2024\/12\/Oticas-fundo-correto.png 600w, https:\/\/www.2020lab.com.br\/web\/wp-content\/uploads\/2024\/12\/Oticas-fundo-correto-300x200.png 300w\" sizes=\"(max-width: 600px) 100vw, 600px\" \/>\t\t\t\t\t\t\t\t\t\t\t\t\t\t\t<\/div>\n\t\t\t\t<\/div>\n\t\t\t\t<div class=\"elementor-element elementor-element-6289395 elementor-hidden-mobile animated-slow elementor-invisible elementor-widget elementor-widget-image\" data-id=\"6289395\" data-element_type=\"widget\" data-settings=\"{&quot;_animation&quot;:&quot;slideInLeft&quot;,&quot;_animation_delay&quot;:1000}\" data-widget_type=\"image.default\">\n\t\t\t\t<div class=\"elementor-widget-container\">\n\t\t\t\t\t\t\t\t\t\t\t\t\t\t\t<img decoding=\"async\" width=\"600\" height=\"400\" src=\"https:\/\/www.2020lab.com.br\/web\/wp-content\/uploads\/2024\/12\/oticasfoto-1.png\" class=\"attachment-large size-large wp-image-1107\" alt=\"\" srcset=\"https:\/\/www.2020lab.com.br\/web\/wp-content\/uploads\/2024\/12\/oticasfoto-1.png 600w, https:\/\/www.2020lab.com.br\/web\/wp-content\/uploads\/2024\/12\/oticasfoto-1-300x200.png 300w\" sizes=\"(max-width: 600px) 100vw, 600px\" \/>\t\t\t\t\t\t\t\t\t\t\t\t\t\t\t<\/div>\n\t\t\t\t<\/div>\n\t\t\t\t<div class=\"elementor-element elementor-element-ad9ca6b animated-slow elementor-invisible elementor-widget elementor-widget-text-editor\" data-id=\"ad9ca6b\" data-element_type=\"widget\" data-settings=\"{&quot;_animation&quot;:&quot;slideInRight&quot;,&quot;_animation_delay&quot;:1000}\" data-widget_type=\"text-editor.default\">\n\t\t\t\t<div class=\"elementor-widget-container\">\n\t\t\t\t\t\t\t\t\t<p><strong>Agilidade na Entrega<\/strong><\/p><p>Entendemos que tempo \u00e9 essencial para o sucesso da sua \u00f3tica. Por isso, oferecemos prazos de entrega r\u00e1pidos e confi\u00e1veis. Consulte nossos prazos e veja como podemos atender \u00e0s suas demandas com efici\u00eancia.<\/p>\t\t\t\t\t\t\t\t<\/div>\n\t\t\t\t<\/div>\n\t\t\t\t<div class=\"elementor-element elementor-element-b0b3b79 animated-slow elementor-invisible elementor-widget elementor-widget-text-editor\" data-id=\"b0b3b79\" data-element_type=\"widget\" data-settings=\"{&quot;_animation&quot;:&quot;slideInLeft&quot;,&quot;_animation_delay&quot;:1000}\" data-widget_type=\"text-editor.default\">\n\t\t\t\t<div class=\"elementor-widget-container\">\n\t\t\t\t\t\t\t\t\t<p><b>Material de Qualidade<\/b><\/p><p><span style=\"font-weight: 400;\">H\u00e1 quem diga que a mat\u00e9ria prima em laborat\u00f3rios de surfa\u00e7agem n\u00e3o precisa ter tecnologia, pelo contr\u00e1rio. N\u00f3s utilizamos uma tecnologia alem\u00e3 e insumos de alt\u00edssima qualidade para levar at\u00e9 voc\u00ea lojista o melhor em lentes digitais freeform.<\/span><\/p>\t\t\t\t\t\t\t\t<\/div>\n\t\t\t\t<\/div>\n\t\t\t\t<div class=\"elementor-element elementor-element-4eed688 elementor-hidden-mobile animated-slow elementor-invisible elementor-widget elementor-widget-image\" data-id=\"4eed688\" data-element_type=\"widget\" data-settings=\"{&quot;_animation&quot;:&quot;slideInRight&quot;,&quot;_animation_delay&quot;:1000}\" data-widget_type=\"image.default\">\n\t\t\t\t<div class=\"elementor-widget-container\">\n\t\t\t\t\t\t\t\t\t\t\t\t\t\t\t<img decoding=\"async\" width=\"600\" height=\"400\" src=\"https:\/\/www.2020lab.com.br\/web\/wp-content\/uploads\/2024\/12\/tecnologialojista.png\" class=\"attachment-large size-large wp-image-1121\" alt=\"\" srcset=\"https:\/\/www.2020lab.com.br\/web\/wp-content\/uploads\/2024\/12\/tecnologialojista.png 600w, https:\/\/www.2020lab.com.br\/web\/wp-content\/uploads\/2024\/12\/tecnologialojista-300x200.png 300w\" sizes=\"(max-width: 600px) 100vw, 600px\" \/>\t\t\t\t\t\t\t\t\t\t\t\t\t\t\t<\/div>\n\t\t\t\t<\/div>\n\t\t\t\t<div class=\"elementor-element elementor-element-ce4837f elementor-hidden-mobile animated-slow elementor-invisible elementor-widget elementor-widget-image\" data-id=\"ce4837f\" data-element_type=\"widget\" data-settings=\"{&quot;_animation&quot;:&quot;slideInLeft&quot;,&quot;_animation_delay&quot;:1000}\" data-widget_type=\"image.default\">\n\t\t\t\t<div class=\"elementor-widget-container\">\n\t\t\t\t\t\t\t\t\t\t\t\t\t\t\t<img loading=\"lazy\" decoding=\"async\" width=\"600\" height=\"400\" src=\"https:\/\/www.2020lab.com.br\/web\/wp-content\/uploads\/2024\/12\/atendimentolojista.png\" class=\"attachment-large size-large wp-image-1129\" alt=\"\" srcset=\"https:\/\/www.2020lab.com.br\/web\/wp-content\/uploads\/2024\/12\/atendimentolojista.png 600w, https:\/\/www.2020lab.com.br\/web\/wp-content\/uploads\/2024\/12\/atendimentolojista-300x200.png 300w\" sizes=\"(max-width: 600px) 100vw, 600px\" \/>\t\t\t\t\t\t\t\t\t\t\t\t\t\t\t<\/div>\n\t\t\t\t<\/div>\n\t\t\t\t<div class=\"elementor-element elementor-element-262221d animated-slow elementor-invisible elementor-widget elementor-widget-text-editor\" data-id=\"262221d\" data-element_type=\"widget\" data-settings=\"{&quot;_animation&quot;:&quot;slideInRight&quot;,&quot;_animation_delay&quot;:1000}\" data-widget_type=\"text-editor.default\">\n\t\t\t\t<div class=\"elementor-widget-container\">\n\t\t\t\t\t\t\t\t\t<p><strong>Atendimento Personalizado<\/strong><\/p><p>Cada \u00f3tica \u00e9 \u00fanica, e por isso oferecemos um atendimento personalizado e \u00fanico, te damos acesso a um consultor, atendentes, nossa inteligencia e nossos t\u00e9cnicos. Nossa equipe est\u00e1 sempre pronta para entender as suas necessidades e entregar solu\u00e7\u00f5es.<\/p>\t\t\t\t\t\t\t\t<\/div>\n\t\t\t\t<\/div>\n\t\t\t\t<div class=\"elementor-element elementor-element-92831bc animated-slow elementor-invisible elementor-widget elementor-widget-text-editor\" data-id=\"92831bc\" data-element_type=\"widget\" data-settings=\"{&quot;_animation&quot;:&quot;slideInLeft&quot;,&quot;_animation_delay&quot;:1000}\" data-widget_type=\"text-editor.default\">\n\t\t\t\t<div class=\"elementor-widget-container\">\n\t\t\t\t\t\t\t\t\t<p><strong>Formula Do Sucesso Para Sua \u00d3tica<\/strong><\/p><p>Apoiamos suas vendas com uso de tecnologia exclusivas e marketing. Nossa estrat\u00e9gia inclui direcionar clientes para sua \u00f3tica, ajudando a fortalecer sua presen\u00e7a no mercado.<\/p>\t\t\t\t\t\t\t\t<\/div>\n\t\t\t\t<\/div>\n\t\t\t\t<div class=\"elementor-element elementor-element-a01fd8a elementor-hidden-mobile animated-slow elementor-invisible elementor-widget elementor-widget-image\" data-id=\"a01fd8a\" data-element_type=\"widget\" data-settings=\"{&quot;_animation&quot;:&quot;slideInRight&quot;,&quot;_animation_delay&quot;:1000}\" data-widget_type=\"image.default\">\n\t\t\t\t<div class=\"elementor-widget-container\">\n\t\t\t\t\t\t\t\t\t\t\t\t\t\t\t<img loading=\"lazy\" decoding=\"async\" width=\"600\" height=\"400\" src=\"https:\/\/www.2020lab.com.br\/web\/wp-content\/uploads\/2024\/12\/marketingparalojistas.png\" class=\"attachment-large size-large wp-image-1163\" alt=\"\" srcset=\"https:\/\/www.2020lab.com.br\/web\/wp-content\/uploads\/2024\/12\/marketingparalojistas.png 600w, https:\/\/www.2020lab.com.br\/web\/wp-content\/uploads\/2024\/12\/marketingparalojistas-300x200.png 300w\" sizes=\"(max-width: 600px) 100vw, 600px\" \/>\t\t\t\t\t\t\t\t\t\t\t\t\t\t\t<\/div>\n\t\t\t\t<\/div>\n\t\t\t\t<\/div>\n\t\t\t\t<div class=\"elementor-element elementor-element-885bffb elementor-widget elementor-widget-text-editor\" data-id=\"885bffb\" data-element_type=\"widget\" data-widget_type=\"text-editor.default\">\n\t\t\t\t<div class=\"elementor-widget-container\">\n\t\t\t\t\t\t\t\t\t<p>N\u00e3o perca a oportunidade de elevar a sua \u00f3tica a um novo patamar! Ao se cadastrar, voc\u00ea ter\u00e1 acesso a solu\u00e7\u00f5es inovadoras, produtos de qualidade e um atendimento personalizado. Fa\u00e7a parte do nosso time e comece agora mesmo a transformar o seu neg\u00f3cio!<\/p>\t\t\t\t\t\t\t\t<\/div>\n\t\t\t\t<\/div>\n\t\t\t\t<div class=\"elementor-element elementor-element-f8c69a2 elementor-align-center elementor-widget elementor-widget-button\" data-id=\"f8c69a2\" data-element_type=\"widget\" data-widget_type=\"button.default\">\n\t\t\t\t<div class=\"elementor-widget-container\">\n\t\t\t\t\t\t\t\t\t<div class=\"elementor-button-wrapper\">\n\t\t\t\t\t<a class=\"elementor-button elementor-button-link elementor-size-sm\" href=\"https:\/\/www.2020lab.com.br\/web\/cadastre-sua-otica\/\">\n\t\t\t\t\t\t<span class=\"elementor-button-content-wrapper\">\n\t\t\t\t\t\t\t\t\t<span class=\"elementor-button-text\">FA\u00c7A SEU CADASTRO<\/span>\n\t\t\t\t\t<\/span>\n\t\t\t\t\t<\/a>\n\t\t\t\t<\/div>\n\t\t\t\t\t\t\t\t<\/div>\n\t\t\t\t<\/div>\n\t\t\t\t\t<\/div>\n\t\t\t\t<\/div>\n\t\t\t\t<\/div>\n\t\t","protected":false},"excerpt":{"rendered":"<p>DONO DE \u00d3TICA Clientes Ativos 0 Produ\u00e7\u00e3o Diaria 0 Nivel Satisfa\u00e7\u00e3o 0 % Esses s\u00e3o apenas alguns dos nossos n\u00fameros, mas o 20\/20 Laborat\u00f3rio \u00d3ptico pode fazer mais pela sua \u00f3tica. Com tecnologia de ponta, inova\u00e7\u00e3o e compromisso, temos muito mais a oferecer! Assista ao v\u00eddeo ou leia a mat\u00e9ria para descobrir como podemos transformar [&hellip;]<\/p>\n","protected":false},"author":1,"featured_media":0,"parent":0,"menu_order":0,"comment_status":"closed","ping_status":"closed","template":"elementor_header_footer","meta":{"footnotes":""},"cidade":[],"class_list":["post-495","page","type-page","status-publish","hentry"],"_links":{"self":[{"href":"https:\/\/www.2020lab.com.br\/web\/wp-json\/wp\/v2\/pages\/495","targetHints":{"allow":["GET"]}}],"collection":[{"href":"https:\/\/www.2020lab.com.br\/web\/wp-json\/wp\/v2\/pages"}],"about":[{"href":"https:\/\/www.2020lab.com.br\/web\/wp-json\/wp\/v2\/types\/page"}],"author":[{"embeddable":true,"href":"https:\/\/www.2020lab.com.br\/web\/wp-json\/wp\/v2\/users\/1"}],"replies":[{"embeddable":true,"href":"https:\/\/www.2020lab.com.br\/web\/wp-json\/wp\/v2\/comments?post=495"}],"version-history":[{"count":0,"href":"https:\/\/www.2020lab.com.br\/web\/wp-json\/wp\/v2\/pages\/495\/revisions"}],"wp:attachment":[{"href":"https:\/\/www.2020lab.com.br\/web\/wp-json\/wp\/v2\/media?parent=495"}],"wp:term":[{"taxonomy":"cidade","embeddable":true,"href":"https:\/\/www.2020lab.com.br\/web\/wp-json\/wp\/v2\/cidade?post=495"}],"curies":[{"name":"wp","href":"https:\/\/api.w.org\/{rel}","templated":true}]}}