{"id":497,"date":"2024-11-18T14:11:31","date_gmt":"2024-11-18T14:11:31","guid":{"rendered":"https:\/\/www.2020lab.com.br\/web\/?page_id=497"},"modified":"2025-01-16T18:18:32","modified_gmt":"2025-01-16T18:18:32","slug":"vendedores","status":"publish","type":"page","link":"https:\/\/www.2020lab.com.br\/web\/vendedores\/","title":{"rendered":"Sou Vendedor"},"content":{"rendered":"\t\t<div data-elementor-type=\"wp-page\" data-elementor-id=\"497\" class=\"elementor elementor-497\" data-elementor-post-type=\"page\">\n\t\t\t\t<div class=\"elementor-element elementor-element-4e2911c e-flex e-con-boxed e-con e-parent\" data-id=\"4e2911c\" data-element_type=\"container\" data-settings=\"{&quot;background_background&quot;:&quot;gradient&quot;}\">\n\t\t\t\t\t<div class=\"e-con-inner\">\n\t\t<div class=\"elementor-element elementor-element-ea568b0 e-con-full e-flex e-con e-child\" data-id=\"ea568b0\" data-element_type=\"container\">\n\t\t\t\t<div class=\"elementor-element elementor-element-983b079 elementor-widget elementor-widget-heading\" data-id=\"983b079\" data-element_type=\"widget\" data-widget_type=\"heading.default\">\n\t\t\t\t<div class=\"elementor-widget-container\">\n\t\t\t\t\t<h2 class=\"elementor-heading-title elementor-size-default\">VENDEDORES<\/h2>\t\t\t\t<\/div>\n\t\t\t\t<\/div>\n\t\t\t\t<div class=\"elementor-element elementor-element-f72c40f elementor-widget elementor-widget-text-editor\" data-id=\"f72c40f\" data-element_type=\"widget\" data-widget_type=\"text-editor.default\">\n\t\t\t\t<div class=\"elementor-widget-container\">\n\t\t\t\t\t\t\t\t\t<p>Voc\u00ea, vendedor de \u00f3tica, tem tudo a ganhar com o 20\/20 Laborat\u00f3rio \u00d3ptico! Oferecemos diversas oportunidades para impulsionar suas vendas, conquistar pr\u00eamios e colocar mais dinheiro no seu bolso. Descubra mais no v\u00eddeo ao lado!<\/p>\t\t\t\t\t\t\t\t<\/div>\n\t\t\t\t<\/div>\n\t\t\t\t<\/div>\n\t\t<div class=\"elementor-element elementor-element-ac03621 e-con-full e-flex e-con e-child\" data-id=\"ac03621\" data-element_type=\"container\">\n\t\t\t\t<div class=\"elementor-element elementor-element-2411874 elementor-widget elementor-widget-video\" data-id=\"2411874\" data-element_type=\"widget\" data-settings=\"{&quot;youtube_url&quot;:&quot;https:\\\/\\\/youtu.be\\\/-ybNBSj6UNY&quot;,&quot;video_type&quot;:&quot;youtube&quot;,&quot;controls&quot;:&quot;yes&quot;}\" data-widget_type=\"video.default\">\n\t\t\t\t<div class=\"elementor-widget-container\">\n\t\t\t\t\t\t\t<div class=\"elementor-wrapper elementor-open-inline\">\n\t\t\t<div class=\"elementor-video\"><\/div>\t\t<\/div>\n\t\t\t\t\t\t<\/div>\n\t\t\t\t<\/div>\n\t\t\t\t<div class=\"elementor-element elementor-element-45ef996 elementor-align-center elementor-widget elementor-widget-button\" data-id=\"45ef996\" data-element_type=\"widget\" data-widget_type=\"button.default\">\n\t\t\t\t<div class=\"elementor-widget-container\">\n\t\t\t\t\t\t\t\t\t<div class=\"elementor-button-wrapper\">\n\t\t\t\t\t<a class=\"elementor-button elementor-button-link elementor-size-sm\" href=\"https:\/\/www.2020lab.com.br\/web\/cadastre-sua-otica\/\">\n\t\t\t\t\t\t<span class=\"elementor-button-content-wrapper\">\n\t\t\t\t\t\t\t\t\t<span class=\"elementor-button-text\">FA\u00c7A SEU CADASTRO<\/span>\n\t\t\t\t\t<\/span>\n\t\t\t\t\t<\/a>\n\t\t\t\t<\/div>\n\t\t\t\t\t\t\t\t<\/div>\n\t\t\t\t<\/div>\n\t\t\t\t<\/div>\n\t\t\t\t\t<\/div>\n\t\t\t\t<\/div>\n\t\t<div class=\"elementor-element elementor-element-3c3928d animated-slow e-flex e-con-boxed elementor-invisible e-con e-parent\" data-id=\"3c3928d\" data-element_type=\"container\" data-settings=\"{&quot;background_background&quot;:&quot;gradient&quot;,&quot;animation&quot;:&quot;slideInUp&quot;,&quot;animation_delay&quot;:1000}\">\n\t\t\t\t\t<div class=\"e-con-inner\">\n\t\t\t\t<div class=\"elementor-element elementor-element-b578a7a animated-slow elementor-invisible elementor-widget elementor-widget-heading\" data-id=\"b578a7a\" data-element_type=\"widget\" data-settings=\"{&quot;_animation&quot;:&quot;fadeInUp&quot;}\" data-widget_type=\"heading.default\">\n\t\t\t\t<div class=\"elementor-widget-container\">\n\t\t\t\t\t<h2 class=\"elementor-heading-title elementor-size-default\">DESCUBRA COMO SER UM VENDEDOR DE SUCESSO<\/h2>\t\t\t\t<\/div>\n\t\t\t\t<\/div>\n\t\t\t\t<div class=\"elementor-element elementor-element-ff12fa4 animated-slow elementor-invisible elementor-widget elementor-widget-text-editor\" data-id=\"ff12fa4\" data-element_type=\"widget\" data-settings=\"{&quot;_animation&quot;:&quot;fadeInUp&quot;}\" data-widget_type=\"text-editor.default\">\n\t\t\t\t<div class=\"elementor-widget-container\">\n\t\t\t\t\t\t\t\t\t<p>No 20\/20 Laborat\u00f3rio \u00d3ptico, reconhecemos e valorizamos o esfor\u00e7o de quem est\u00e1 na linha de frente: os vendedores de \u00f3culos. Por isso, criamos benef\u00edcios exclusivos para incentivar e premiar o seu trabalho. Nosso objetivo \u00e9 ajudar voc\u00ea a alcan\u00e7ar resultados incr\u00edveis e conquistar ainda mais clientes.<\/p><p><strong>Veja o que preparamos para voc\u00ea<\/strong><\/p>\t\t\t\t\t\t\t\t<\/div>\n\t\t\t\t<\/div>\n\t\t\t\t<div class=\"elementor-element elementor-element-a969ae1 elementor-hidden-desktop elementor-hidden-tablet elementor--h-position-center elementor--v-position-middle elementor-arrows-position-inside elementor-pagination-position-inside elementor-widget elementor-widget-slides\" data-id=\"a969ae1\" data-element_type=\"widget\" data-settings=\"{&quot;navigation&quot;:&quot;both&quot;,&quot;autoplay&quot;:&quot;yes&quot;,&quot;pause_on_hover&quot;:&quot;yes&quot;,&quot;pause_on_interaction&quot;:&quot;yes&quot;,&quot;autoplay_speed&quot;:5000,&quot;infinite&quot;:&quot;yes&quot;,&quot;transition&quot;:&quot;slide&quot;,&quot;transition_speed&quot;:500}\" data-widget_type=\"slides.default\">\n\t\t\t\t<div class=\"elementor-widget-container\">\n\t\t\t\t\t\t\t\t\t<div class=\"elementor-swiper\">\n\t\t\t\t\t<div class=\"elementor-slides-wrapper elementor-main-swiper swiper\" role=\"region\" aria-roledescription=\"carousel\" aria-label=\"Slides\" dir=\"ltr\" data-animation=\"fadeInUp\">\n\t\t\t\t<div class=\"swiper-wrapper elementor-slides\">\n\t\t\t\t\t\t\t\t\t\t<div class=\"elementor-repeater-item-a5728a4 swiper-slide\" role=\"group\" aria-roledescription=\"slide\"><div class=\"swiper-slide-bg\" role=\"img\"><\/div><div class=\"swiper-slide-inner\" ><div class=\"swiper-slide-contents\"><div class=\"elementor-slide-heading\">Pr\u00eamios para os Melhores Vendedores<\/div><div class=\"elementor-slide-description\">O seu esfor\u00e7o e dedica\u00e7\u00e3o s\u00e3o recompensados! Os vendedores que se destacam nas vendas das nossas lentes t\u00eam a chance de ganhar pr\u00eamios exclusivos, reconhecendo o seu talento e desempenho.<\/div><div  class=\"elementor-button elementor-slide-button elementor-size-sm\">Quero Participar<\/div><\/div><\/div><\/div><div class=\"elementor-repeater-item-4e71d08 swiper-slide\" role=\"group\" aria-roledescription=\"slide\"><div class=\"swiper-slide-bg\" role=\"img\"><\/div><div class=\"swiper-slide-inner\" ><div class=\"swiper-slide-contents\"><div class=\"elementor-slide-heading\">Programas de Incentivo<\/div><div class=\"elementor-slide-description\">Ganhe mais enquanto vende. Com nossos programas de incentivo, voc\u00ea tem a possibilidade de conquistar recompensas financeiras, transformando suas vendas em ganhos extras.<\/div><div  class=\"elementor-button elementor-slide-button elementor-size-sm\">Quero Participar<\/div><\/div><\/div><\/div><div class=\"elementor-repeater-item-e0cc441 swiper-slide\" role=\"group\" aria-roledescription=\"slide\"><div class=\"swiper-slide-bg\" role=\"img\"><\/div><div class=\"swiper-slide-inner\" ><div class=\"swiper-slide-contents\"><div class=\"elementor-slide-heading\">Eventos Exclusivos<\/div><div class=\"elementor-slide-description\">Os melhores do time merecem ser celebrados! Promovemos eventos especiais para premiar e reconhecer os vendedores que se destacam, oferecendo momentos de aprendizado, networking e celebra\u00e7\u00e3o.<\/div><div  class=\"elementor-button elementor-slide-button elementor-size-sm\">Quero Participar<\/div><\/div><\/div><\/div>\t\t\t\t<\/div>\n\t\t\t\t\t\t\t\t\t\t\t\t\t\t\t<div class=\"swiper-pagination\"><\/div>\n\t\t\t\t\t\t\t\t\t\t\t\t\t\t\t\t<div class=\"elementor-swiper-button elementor-swiper-button-prev\" role=\"button\" tabindex=\"0\" aria-label=\"Slide anterior\">\n\t\t\t\t\t\t\t<svg aria-hidden=\"true\" class=\"e-font-icon-svg e-eicon-chevron-left\" viewBox=\"0 0 1000 1000\" xmlns=\"http:\/\/www.w3.org\/2000\/svg\"><path d=\"M646 125C629 125 613 133 604 142L308 442C296 454 292 471 292 487 292 504 296 521 308 533L604 854C617 867 629 875 646 875 663 875 679 871 692 858 704 846 713 829 713 812 713 796 708 779 692 767L438 487 692 225C700 217 708 204 708 187 708 171 704 154 692 142 675 129 663 125 646 125Z\"><\/path><\/svg>\t\t\t\t\t\t<\/div>\n\t\t\t\t\t\t<div class=\"elementor-swiper-button elementor-swiper-button-next\" role=\"button\" tabindex=\"0\" aria-label=\"Pr\u00f3ximo slide\">\n\t\t\t\t\t\t\t<svg aria-hidden=\"true\" class=\"e-font-icon-svg e-eicon-chevron-right\" viewBox=\"0 0 1000 1000\" xmlns=\"http:\/\/www.w3.org\/2000\/svg\"><path d=\"M696 533C708 521 713 504 713 487 713 471 708 454 696 446L400 146C388 133 375 125 354 125 338 125 325 129 313 142 300 154 292 171 292 187 292 204 296 221 308 233L563 492 304 771C292 783 288 800 288 817 288 833 296 850 308 863 321 871 338 875 354 875 371 875 388 867 400 854L696 533Z\"><\/path><\/svg>\t\t\t\t\t\t<\/div>\n\t\t\t\t\t\t\t\t\t\t\t\t<\/div>\n\t\t\t\t<\/div>\n\t\t\t\t\t\t\t\t<\/div>\n\t\t\t\t<\/div>\n\t\t<div class=\"elementor-element elementor-element-3c7b97b e-grid e-con-full elementor-hidden-mobile e-con e-child\" data-id=\"3c7b97b\" data-element_type=\"container\" data-settings=\"{&quot;background_background&quot;:&quot;classic&quot;}\">\n\t\t\t\t<div class=\"elementor-element elementor-element-d8363eb animated-slow elementor-invisible elementor-widget elementor-widget-text-editor\" data-id=\"d8363eb\" data-element_type=\"widget\" data-settings=\"{&quot;_animation&quot;:&quot;fadeInUp&quot;}\" data-widget_type=\"text-editor.default\">\n\t\t\t\t<div class=\"elementor-widget-container\">\n\t\t\t\t\t\t\t\t\t<p><strong>Pr\u00eamios para os Melhores Vendedores<\/strong><\/p><p>O seu esfor\u00e7o e dedica\u00e7\u00e3o s\u00e3o recompensados! Os vendedores que se destacam nas vendas das nossas lentes t\u00eam a chance de ganhar pr\u00eamios exclusivos, reconhecendo o seu talento e desempenho.<\/p>\t\t\t\t\t\t\t\t<\/div>\n\t\t\t\t<\/div>\n\t\t\t\t<div class=\"elementor-element elementor-element-04ad0bc elementor-hidden-mobile animated-slow elementor-invisible elementor-widget elementor-widget-image\" data-id=\"04ad0bc\" data-element_type=\"widget\" data-settings=\"{&quot;_animation&quot;:&quot;fadeInUp&quot;}\" data-widget_type=\"image.default\">\n\t\t\t\t<div class=\"elementor-widget-container\">\n\t\t\t\t\t\t\t\t\t\t\t\t\t\t\t<img fetchpriority=\"high\" decoding=\"async\" width=\"600\" height=\"600\" src=\"https:\/\/www.2020lab.com.br\/web\/wp-content\/uploads\/2025\/01\/7.png\" class=\"attachment-full size-full wp-image-1813\" alt=\"\" srcset=\"https:\/\/www.2020lab.com.br\/web\/wp-content\/uploads\/2025\/01\/7.png 600w, https:\/\/www.2020lab.com.br\/web\/wp-content\/uploads\/2025\/01\/7-300x300.png 300w, https:\/\/www.2020lab.com.br\/web\/wp-content\/uploads\/2025\/01\/7-150x150.png 150w\" sizes=\"(max-width: 600px) 100vw, 600px\" \/>\t\t\t\t\t\t\t\t\t\t\t\t\t\t\t<\/div>\n\t\t\t\t<\/div>\n\t\t\t\t<div class=\"elementor-element elementor-element-aa50dae elementor-hidden-mobile animated-slow elementor-invisible elementor-widget elementor-widget-image\" data-id=\"aa50dae\" data-element_type=\"widget\" data-settings=\"{&quot;_animation&quot;:&quot;fadeInUp&quot;}\" data-widget_type=\"image.default\">\n\t\t\t\t<div class=\"elementor-widget-container\">\n\t\t\t\t\t\t\t\t\t\t\t\t\t\t\t<img decoding=\"async\" width=\"600\" height=\"600\" src=\"https:\/\/www.2020lab.com.br\/web\/wp-content\/uploads\/2025\/01\/8-1.png\" class=\"attachment-full size-full wp-image-1814\" alt=\"\" srcset=\"https:\/\/www.2020lab.com.br\/web\/wp-content\/uploads\/2025\/01\/8-1.png 600w, https:\/\/www.2020lab.com.br\/web\/wp-content\/uploads\/2025\/01\/8-1-300x300.png 300w, https:\/\/www.2020lab.com.br\/web\/wp-content\/uploads\/2025\/01\/8-1-150x150.png 150w\" sizes=\"(max-width: 600px) 100vw, 600px\" \/>\t\t\t\t\t\t\t\t\t\t\t\t\t\t\t<\/div>\n\t\t\t\t<\/div>\n\t\t\t\t<div class=\"elementor-element elementor-element-bad0d22 animated-slow elementor-invisible elementor-widget elementor-widget-text-editor\" data-id=\"bad0d22\" data-element_type=\"widget\" data-settings=\"{&quot;_animation&quot;:&quot;fadeInUp&quot;}\" data-widget_type=\"text-editor.default\">\n\t\t\t\t<div class=\"elementor-widget-container\">\n\t\t\t\t\t\t\t\t\t<p><strong>Programas de Incentivo<\/strong><\/p><p>Ganhe mais enquanto vende. Com nossos programas de incentivo, voc\u00ea tem a possibilidade de conquistar recompensas financeiras, transformando suas vendas em ganhos extras.<\/p>\t\t\t\t\t\t\t\t<\/div>\n\t\t\t\t<\/div>\n\t\t\t\t<div class=\"elementor-element elementor-element-caff65b animated-slow elementor-invisible elementor-widget elementor-widget-text-editor\" data-id=\"caff65b\" data-element_type=\"widget\" data-settings=\"{&quot;_animation&quot;:&quot;fadeInUp&quot;}\" data-widget_type=\"text-editor.default\">\n\t\t\t\t<div class=\"elementor-widget-container\">\n\t\t\t\t\t\t\t\t\t<p><strong>Eventos Exclusivos<\/strong><\/p><p>Os melhores do time merecem ser celebrados! Promovemos eventos especiais para premiar e reconhecer os vendedores que se destacam, oferecendo momentos de aprendizado, networking e celebra\u00e7\u00e3o.<\/p>\t\t\t\t\t\t\t\t<\/div>\n\t\t\t\t<\/div>\n\t\t\t\t<div class=\"elementor-element elementor-element-6becbc3 elementor-hidden-mobile animated-slow elementor-invisible elementor-widget elementor-widget-image\" data-id=\"6becbc3\" data-element_type=\"widget\" data-settings=\"{&quot;_animation&quot;:&quot;fadeInUp&quot;}\" data-widget_type=\"image.default\">\n\t\t\t\t<div class=\"elementor-widget-container\">\n\t\t\t\t\t\t\t\t\t\t\t\t\t\t\t<img decoding=\"async\" width=\"600\" height=\"600\" src=\"https:\/\/www.2020lab.com.br\/web\/wp-content\/uploads\/2025\/01\/9-1.png\" class=\"attachment-full size-full wp-image-1815\" alt=\"\" srcset=\"https:\/\/www.2020lab.com.br\/web\/wp-content\/uploads\/2025\/01\/9-1.png 600w, https:\/\/www.2020lab.com.br\/web\/wp-content\/uploads\/2025\/01\/9-1-300x300.png 300w, https:\/\/www.2020lab.com.br\/web\/wp-content\/uploads\/2025\/01\/9-1-150x150.png 150w\" sizes=\"(max-width: 600px) 100vw, 600px\" \/>\t\t\t\t\t\t\t\t\t\t\t\t\t\t\t<\/div>\n\t\t\t\t<\/div>\n\t\t\t\t<\/div>\n\t\t<div class=\"elementor-element elementor-element-c40d184 e-con-full e-flex e-con e-child\" data-id=\"c40d184\" data-element_type=\"container\">\n\t\t\t\t<div class=\"elementor-element elementor-element-57c947a elementor-align-center animated-slow elementor-invisible elementor-widget elementor-widget-button\" data-id=\"57c947a\" data-element_type=\"widget\" data-settings=\"{&quot;_animation&quot;:&quot;fadeInUp&quot;}\" data-widget_type=\"button.default\">\n\t\t\t\t<div class=\"elementor-widget-container\">\n\t\t\t\t\t\t\t\t\t<div class=\"elementor-button-wrapper\">\n\t\t\t\t\t<a class=\"elementor-button elementor-button-link elementor-size-sm\" href=\"https:\/\/www.2020lab.com.br\/web\/cadastre-sua-otica\/\">\n\t\t\t\t\t\t<span class=\"elementor-button-content-wrapper\">\n\t\t\t\t\t\t\t\t\t<span class=\"elementor-button-text\">FA\u00c7A SEU CADASTRO AGORA<\/span>\n\t\t\t\t\t<\/span>\n\t\t\t\t\t<\/a>\n\t\t\t\t<\/div>\n\t\t\t\t\t\t\t\t<\/div>\n\t\t\t\t<\/div>\n\t\t\t\t<\/div>\n\t\t\t\t\t<\/div>\n\t\t\t\t<\/div>\n\t\t\t\t<\/div>\n\t\t","protected":false},"excerpt":{"rendered":"<p>VENDEDORES Voc\u00ea, vendedor de \u00f3tica, tem tudo a ganhar com o 20\/20 Laborat\u00f3rio \u00d3ptico! Oferecemos diversas oportunidades para impulsionar suas vendas, conquistar pr\u00eamios e colocar mais dinheiro no seu bolso. Descubra mais no v\u00eddeo ao lado! https:\/\/youtu.be\/-ybNBSj6UNY FA\u00c7A SEU CADASTRO DESCUBRA COMO SER UM VENDEDOR DE SUCESSO No 20\/20 Laborat\u00f3rio \u00d3ptico, reconhecemos e valorizamos o [&hellip;]<\/p>\n","protected":false},"author":1,"featured_media":0,"parent":0,"menu_order":0,"comment_status":"closed","ping_status":"closed","template":"elementor_header_footer","meta":{"footnotes":""},"cidade":[],"class_list":["post-497","page","type-page","status-publish","hentry"],"_links":{"self":[{"href":"https:\/\/www.2020lab.com.br\/web\/wp-json\/wp\/v2\/pages\/497","targetHints":{"allow":["GET"]}}],"collection":[{"href":"https:\/\/www.2020lab.com.br\/web\/wp-json\/wp\/v2\/pages"}],"about":[{"href":"https:\/\/www.2020lab.com.br\/web\/wp-json\/wp\/v2\/types\/page"}],"author":[{"embeddable":true,"href":"https:\/\/www.2020lab.com.br\/web\/wp-json\/wp\/v2\/users\/1"}],"replies":[{"embeddable":true,"href":"https:\/\/www.2020lab.com.br\/web\/wp-json\/wp\/v2\/comments?post=497"}],"version-history":[{"count":0,"href":"https:\/\/www.2020lab.com.br\/web\/wp-json\/wp\/v2\/pages\/497\/revisions"}],"wp:attachment":[{"href":"https:\/\/www.2020lab.com.br\/web\/wp-json\/wp\/v2\/media?parent=497"}],"wp:term":[{"taxonomy":"cidade","embeddable":true,"href":"https:\/\/www.2020lab.com.br\/web\/wp-json\/wp\/v2\/cidade?post=497"}],"curies":[{"name":"wp","href":"https:\/\/api.w.org\/{rel}","templated":true}]}}