{"id":77,"date":"2014-10-24T00:35:37","date_gmt":"2014-10-24T00:35:37","guid":{"rendered":"http:\/\/localhost:8888\/2020lab\/?page_id=77"},"modified":"2024-11-06T17:54:03","modified_gmt":"2024-11-06T17:54:03","slug":"parceiros","status":"publish","type":"page","link":"https:\/\/www.2020lab.com.br\/web\/parceiros\/","title":{"rendered":"Parceiros."},"content":{"rendered":"<div class=\"parceiros\">\n<div class=\"wrap_parceiros\">\n<p>Otica Faria<\/p>\n<p>Rua Domingos Vieira, 285 &#8211; Santa Efig\u00eania, Belo Horizonte\/MG <\/p>\n<p>(31) 3241-6217<\/p>\n<\/p><\/div>\n<div class=\"wrap_parceiros\">\n<p>Life Optical<\/p>\n<p>Av do Contorno, 4747 \/ Loja 26 &#8211; Funcion\u00e1rios, Belo Horizonte\/MG<\/p>\n<p>(31) 3283 9905<\/p>\n<\/p><\/div>\n<div class=\"wrap_parceiros\">\n<p>\u00d3tica Novo Mundo<\/p>\n<p>Matriz: Rua Armando Batista, 11 &#8211; Centro<\/p>\n<p>Filial: Av. Get\u00falio Vargas, 5128 &#8211; Centro<\/p>\n<p>Jo\u00e3o Monlevade\/MG<\/p>\n<\/p><\/div>\n<div class=\"wrap_parceiros\">\n<p>Otica do Toninho<\/p>\n<p>Av Getulio Vargas, 5115 \u2013 Carneirinhos, Jo\u00e3o Monlevade\/MG<\/p>\n<p>(31) 3852 6555<\/p>\n<\/p><\/div>\n<div class=\"wrap_parceiros\">\n<p>Otica Divina Luz<\/p>\n<p>Av Jo\u00e3o pinheiro, 436 \u2013 Centro, Itabira\/MG<\/p>\n<p>(31) 3834 7229<\/p>\n<\/p><\/div>\n<div class=\"wrap_parceiros\">\n<p>Otica do Roberto<\/p>\n<p>Rua Benedito Valadares, 146 &#8211; Centro, Par\u00e1 de Minas\/MG<\/p>\n<p>(37) 2331 5050<\/p>\n<\/p>\n<\/div>\n<div class=\"clear-both\"><\/div>\n<\/div>\n","protected":false},"excerpt":{"rendered":"<p>Otica Faria Rua Domingos Vieira, 285 &#8211; Santa Efig\u00eania, Belo Horizonte\/MG (31) 3241-6217 Life Optical Av do Contorno, 4747 \/ Loja 26 &#8211; Funcion\u00e1rios, Belo Horizonte\/MG (31) 3283 9905 \u00d3tica Novo Mundo Matriz: Rua Armando Batista, 11 &#8211; Centro Filial: Av. Get\u00falio Vargas, 5128 &#8211; Centro Jo\u00e3o Monlevade\/MG Otica do Toninho Av Getulio Vargas, 5115 [&hellip;]<\/p>\n","protected":false},"author":1,"featured_media":0,"parent":0,"menu_order":0,"comment_status":"closed","ping_status":"closed","template":"","meta":{"footnotes":""},"cidade":[],"class_list":["post-77","page","type-page","status-publish","hentry"],"_links":{"self":[{"href":"https:\/\/www.2020lab.com.br\/web\/wp-json\/wp\/v2\/pages\/77","targetHints":{"allow":["GET"]}}],"collection":[{"href":"https:\/\/www.2020lab.com.br\/web\/wp-json\/wp\/v2\/pages"}],"about":[{"href":"https:\/\/www.2020lab.com.br\/web\/wp-json\/wp\/v2\/types\/page"}],"author":[{"embeddable":true,"href":"https:\/\/www.2020lab.com.br\/web\/wp-json\/wp\/v2\/users\/1"}],"replies":[{"embeddable":true,"href":"https:\/\/www.2020lab.com.br\/web\/wp-json\/wp\/v2\/comments?post=77"}],"version-history":[{"count":0,"href":"https:\/\/www.2020lab.com.br\/web\/wp-json\/wp\/v2\/pages\/77\/revisions"}],"wp:attachment":[{"href":"https:\/\/www.2020lab.com.br\/web\/wp-json\/wp\/v2\/media?parent=77"}],"wp:term":[{"taxonomy":"cidade","embeddable":true,"href":"https:\/\/www.2020lab.com.br\/web\/wp-json\/wp\/v2\/cidade?post=77"}],"curies":[{"name":"wp","href":"https:\/\/api.w.org\/{rel}","templated":true}]}}